{"id":184,"date":"2025-05-29T03:56:28","date_gmt":"2025-05-29T06:56:28","guid":{"rendered":"https:\/\/bamboorio.com.br\/?page_id=184"},"modified":"2025-06-15T01:54:43","modified_gmt":"2025-06-15T04:54:43","slug":"tour","status":"publish","type":"page","link":"https:\/\/bambooriohostel.com.br\/en\/tour\/","title":{"rendered":"Tour"},"content":{"rendered":"\t\t<div data-elementor-type=\"wp-page\" data-elementor-id=\"184\" class=\"elementor elementor-184\" data-elementor-post-type=\"page\">\n\t\t\t\t<div class=\"elementor-element elementor-element-79e7c2b e-flex e-con-boxed e-con e-parent\" data-id=\"79e7c2b\" data-element_type=\"container\" data-settings=\"{&quot;background_background&quot;:&quot;classic&quot;}\">\n\t\t\t\t\t<div class=\"e-con-inner\">\n\t\t\t\t<div class=\"elementor-element elementor-element-c0aeda1 balanco elementor-widget elementor-widget-heading\" data-id=\"c0aeda1\" data-element_type=\"widget\" data-widget_type=\"heading.default\">\n\t\t\t\t\t<h2 class=\"elementor-heading-title elementor-size-default\">Walks and tourism<\/h2>\t\t\t\t<\/div>\n\t\t\t\t<div class=\"elementor-element elementor-element-8051367 balanco elementor-widget elementor-widget-heading\" data-id=\"8051367\" data-element_type=\"widget\" data-widget_type=\"heading.default\">\n\t\t\t\t\t<h2 class=\"elementor-heading-title elementor-size-default\">Come and get to know Rio de Janeiro and its beauties through pleasant and interesting walks to the most famous sights of the country, at a super special price! Get to know the main sights of the wonderful city. Make an unforgettable CITY TOUR.<span class=\"destaque\"><span class=\"espacamento\"><\/span>\nCheck prices and times at reception.\n<\/span>\n<\/h2>\t\t\t\t<\/div>\n\t\t<div class=\"elementor-element elementor-element-ce00e31 e-grid e-con-full e-con e-child\" data-id=\"ce00e31\" data-element_type=\"container\">\n\t\t\t\t<div class=\"elementor-element elementor-element-6162ae5 elementor-position-top elementor-widget elementor-widget-image-box\" data-id=\"6162ae5\" data-element_type=\"widget\" data-widget_type=\"image-box.default\">\n\t\t\t\t\t<div class=\"elementor-image-box-wrapper\"><figure class=\"elementor-image-box-img\"><img decoding=\"async\" width=\"256\" height=\"154\" src=\"https:\/\/bambooriohostel.com.br\/en\/wp-content\/uploads\/2025\/05\/Dia-no-Rio.webp\" class=\"attachment-full size-full wp-image-745\" alt=\"\" \/><\/figure><div class=\"elementor-image-box-content\"><h3 class=\"elementor-image-box-title\">Day in Rio<\/h3><p class=\"elementor-image-box-description\">Tour of the main sights in one day: Christ the Redeemer, Sugar Loaf, Maracan\u00e3 Stadium, Cathedral, Samb\u00f3dromo, Lapa and Santa Teresa. Includes lunch at a steakhouse.<\/p><\/div><\/div>\t\t\t\t<\/div>\n\t\t\t\t<div class=\"elementor-element elementor-element-e286069 elementor-position-top elementor-widget elementor-widget-image-box\" data-id=\"e286069\" data-element_type=\"widget\" data-widget_type=\"image-box.default\">\n\t\t\t\t\t<div class=\"elementor-image-box-wrapper\"><figure class=\"elementor-image-box-img\"><img decoding=\"async\" width=\"256\" height=\"154\" src=\"https:\/\/bambooriohostel.com.br\/en\/wp-content\/uploads\/2025\/05\/Petropolis.webp\" class=\"attachment-full size-full wp-image-746\" alt=\"\" \/><\/figure><div class=\"elementor-image-box-content\"><h3 class=\"elementor-image-box-title\">Petropolis<\/h3><p class=\"elementor-image-box-description\">Imperial City, located 75 km from Rio: Imperial Museum, Crystal Museum, Tereza Street, Flower Clock and Santos Dummont House.<\/p><\/div><\/div>\t\t\t\t<\/div>\n\t\t\t\t<div class=\"elementor-element elementor-element-af7f6a5 elementor-position-top elementor-widget elementor-widget-image-box\" data-id=\"af7f6a5\" data-element_type=\"widget\" data-widget_type=\"image-box.default\">\n\t\t\t\t\t<div class=\"elementor-image-box-wrapper\"><figure class=\"elementor-image-box-img\"><img decoding=\"async\" width=\"256\" height=\"154\" src=\"https:\/\/bambooriohostel.com.br\/en\/wp-content\/uploads\/2025\/05\/Favela-Tour.webp\" class=\"attachment-full size-full wp-image-747\" alt=\"\" \/><\/figure><div class=\"elementor-image-box-content\"><h3 class=\"elementor-image-box-title\">Favela Tour<\/h3><p class=\"elementor-image-box-description\">(Rocinha, Vidigal ou Dona Marta)\n<span class=\"espacamento\"><\/span>\nStroll through the community, visiting art galleries, social projects and getting to know the side of the city that is not shown to tourists.<\/p><\/div><\/div>\t\t\t\t<\/div>\n\t\t\t\t<div class=\"elementor-element elementor-element-c1b1fd1 elementor-position-top elementor-widget elementor-widget-image-box\" data-id=\"c1b1fd1\" data-element_type=\"widget\" data-widget_type=\"image-box.default\">\n\t\t\t\t\t<div class=\"elementor-image-box-wrapper\"><figure class=\"elementor-image-box-img\"><img loading=\"lazy\" decoding=\"async\" width=\"256\" height=\"154\" src=\"https:\/\/bambooriohostel.com.br\/en\/wp-content\/uploads\/2025\/05\/Big-Dude-Tour.webp\" class=\"attachment-full size-full wp-image-748\" alt=\"\" \/><\/figure><div class=\"elementor-image-box-content\"><h3 class=\"elementor-image-box-title\">Big Dude Tour<\/h3><p class=\"elementor-image-box-description\">S\u00e3o Conrado, Tijuca Forest, Cristo Redentor, Santa Teresa, Lapa and the best \u2013 Sugar Loaf optional (does not include entrance fee).<\/p><\/div><\/div>\t\t\t\t<\/div>\n\t\t\t\t<div class=\"elementor-element elementor-element-4ae52e4 elementor-position-top elementor-widget elementor-widget-image-box\" data-id=\"4ae52e4\" data-element_type=\"widget\" data-widget_type=\"image-box.default\">\n\t\t\t\t\t<div class=\"elementor-image-box-wrapper\"><figure class=\"elementor-image-box-img\"><img loading=\"lazy\" decoding=\"async\" width=\"256\" height=\"154\" src=\"https:\/\/bambooriohostel.com.br\/en\/wp-content\/uploads\/2025\/05\/Arraial-do-Cabo.webp\" class=\"attachment-full size-full wp-image-749\" alt=\"\" \/><\/figure><div class=\"elementor-image-box-content\"><h3 class=\"elementor-image-box-title\">Arraial do Cabo<\/h3><p class=\"elementor-image-box-description\">Stroll through the most beautiful beaches in the area with the boat trip and lunch included.<\/p><\/div><\/div>\t\t\t\t<\/div>\n\t\t\t\t<div class=\"elementor-element elementor-element-b4aeb07 elementor-position-top elementor-widget elementor-widget-image-box\" data-id=\"b4aeb07\" data-element_type=\"widget\" data-widget_type=\"image-box.default\">\n\t\t\t\t\t<div class=\"elementor-image-box-wrapper\"><figure class=\"elementor-image-box-img\"><img loading=\"lazy\" decoding=\"async\" width=\"256\" height=\"154\" src=\"https:\/\/bambooriohostel.com.br\/en\/wp-content\/uploads\/2025\/05\/Buzios.webp\" class=\"attachment-full size-full wp-image-750\" alt=\"\" \/><\/figure><div class=\"elementor-image-box-content\"><h3 class=\"elementor-image-box-title\">B\u00fazios<\/h3><p class=\"elementor-image-box-description\">One of the most famous resorts in Brazil. Stroll through the most beautiful beaches in the area with the boat trip and lunch included.<\/p><\/div><\/div>\t\t\t\t<\/div>\n\t\t\t\t<div class=\"elementor-element elementor-element-ed82502 elementor-position-top elementor-widget elementor-widget-image-box\" data-id=\"ed82502\" data-element_type=\"widget\" data-widget_type=\"image-box.default\">\n\t\t\t\t\t<div class=\"elementor-image-box-wrapper\"><figure class=\"elementor-image-box-img\"><img loading=\"lazy\" decoding=\"async\" width=\"256\" height=\"154\" src=\"https:\/\/bambooriohostel.com.br\/en\/wp-content\/uploads\/2025\/05\/Angra-dos-Reis.webp\" class=\"attachment-full size-full wp-image-751\" alt=\"\" \/><\/figure><div class=\"elementor-image-box-content\"><h3 class=\"elementor-image-box-title\">Angra dos Reis<\/h3><p class=\"elementor-image-box-description\">(Big Island)\n<span class=\"espacamento\"><\/span>\nIsland paradise on the coast of Rio. Stroll through the most beautiful beaches of the region with the boat trip and lunch included.<\/p><\/div><\/div>\t\t\t\t<\/div>\n\t\t\t\t<div class=\"elementor-element elementor-element-4a48ac2 elementor-position-top elementor-widget elementor-widget-image-box\" data-id=\"4a48ac2\" data-element_type=\"widget\" data-widget_type=\"image-box.default\">\n\t\t\t\t\t<div class=\"elementor-image-box-wrapper\"><figure class=\"elementor-image-box-img\"><img loading=\"lazy\" decoding=\"async\" width=\"256\" height=\"154\" src=\"https:\/\/bambooriohostel.com.br\/en\/wp-content\/uploads\/2025\/05\/Asa-Delta.webp\" class=\"attachment-full size-full wp-image-752\" alt=\"\" \/><\/figure><div class=\"elementor-image-box-content\"><h3 class=\"elementor-image-box-title\">Hang gliding<\/h3><p class=\"elementor-image-box-description\"><span class=\"destaque\">Unforgettable experience!<\/span> Fly above the beaches, monuments and the\nbeautiful city of Rio de Janeiro. Includes night insurance, photos and footage<\/p><\/div><\/div>\t\t\t\t<\/div>\n\t\t\t\t<div class=\"elementor-element elementor-element-b6558bf elementor-position-top elementor-widget elementor-widget-image-box\" data-id=\"b6558bf\" data-element_type=\"widget\" data-widget_type=\"image-box.default\">\n\t\t\t\t\t<div class=\"elementor-image-box-wrapper\"><figure class=\"elementor-image-box-img\"><img loading=\"lazy\" decoding=\"async\" width=\"256\" height=\"154\" src=\"https:\/\/bambooriohostel.com.br\/en\/wp-content\/uploads\/2025\/05\/Escola-de-Samba.webp\" class=\"attachment-full size-full wp-image-753\" alt=\"\" \/><\/figure><div class=\"elementor-image-box-content\"><h3 class=\"elementor-image-box-title\">Samba school<\/h3><p class=\"elementor-image-box-description\">Every Saturday. Salgueiro \u2013 one of the most famous samba schools in Rio de Janeiro. Prices to be checked.<\/p><\/div><\/div>\t\t\t\t<\/div>\n\t\t\t\t<div class=\"elementor-element elementor-element-afd84e3 elementor-position-top elementor-widget elementor-widget-image-box\" data-id=\"afd84e3\" data-element_type=\"widget\" data-widget_type=\"image-box.default\">\n\t\t\t\t\t<div class=\"elementor-image-box-wrapper\"><figure class=\"elementor-image-box-img\"><img loading=\"lazy\" decoding=\"async\" width=\"256\" height=\"154\" src=\"https:\/\/bambooriohostel.com.br\/en\/wp-content\/uploads\/2025\/05\/Boat-Party.webp\" class=\"attachment-full size-full wp-image-754\" alt=\"\" \/><\/figure><div class=\"elementor-image-box-content\"><h3 class=\"elementor-image-box-title\">Boat Party<\/h3><p class=\"elementor-image-box-description\">Every Monday. Girls drink free until 00:30, double dose for guys and lots of fun in the bay of Rio de Janeiro.<\/p><\/div><\/div>\t\t\t\t<\/div>\n\t\t\t\t<div class=\"elementor-element elementor-element-d559555 elementor-position-top elementor-widget elementor-widget-image-box\" data-id=\"d559555\" data-element_type=\"widget\" data-widget_type=\"image-box.default\">\n\t\t\t\t\t<div class=\"elementor-image-box-wrapper\"><figure class=\"elementor-image-box-img\"><img loading=\"lazy\" decoding=\"async\" width=\"256\" height=\"154\" src=\"https:\/\/bambooriohostel.com.br\/en\/wp-content\/uploads\/2025\/05\/Rio-Scenarium.webp\" class=\"attachment-full size-full wp-image-756\" alt=\"\" \/><\/figure><div class=\"elementor-image-box-content\"><h3 class=\"elementor-image-box-title\">Scenarium Rio<\/h3><p class=\"elementor-image-box-description\">Traditional samba bar in Rio.<\/p><\/div><\/div>\t\t\t\t<\/div>\n\t\t\t\t<div class=\"elementor-element elementor-element-dac6932 elementor-position-top elementor-widget elementor-widget-image-box\" data-id=\"dac6932\" data-element_type=\"widget\" data-widget_type=\"image-box.default\">\n\t\t\t\t\t<div class=\"elementor-image-box-wrapper\"><figure class=\"elementor-image-box-img\"><img loading=\"lazy\" decoding=\"async\" width=\"256\" height=\"154\" src=\"https:\/\/bambooriohostel.com.br\/en\/wp-content\/uploads\/2025\/05\/Jogos-de-Futebol.webp\" class=\"attachment-full size-full wp-image-757\" alt=\"\" \/><\/figure><div class=\"elementor-image-box-content\"><h3 class=\"elementor-image-box-title\">Soccer games<\/h3><p class=\"elementor-image-box-description\">Games in Maracan\u00e3 and S\u00e3o Janu\u00e1rio. Check rates and times at reception.<\/p><\/div><\/div>\t\t\t\t<\/div>\n\t\t\t\t<\/div>\n\t\t\t\t\t<\/div>\n\t\t\t\t<\/div>\n\t\t\t\t<\/div>\n\t\t","protected":false},"excerpt":{"rendered":"<p>Walks and tourism Come and get to know Rio de Janeiro and its beauties through pleasant and interesting walks to the most famous sights of the country, at a super special price! Get to know the main sights of the wonderful city. Make an unforgettable CITY TOUR. Check prices and times at reception. Day in [&hellip;]<\/p>\n","protected":false},"author":1,"featured_media":0,"parent":0,"menu_order":0,"comment_status":"closed","ping_status":"closed","template":"elementor_header_footer","meta":{"footnotes":""},"class_list":["post-184","page","type-page","status-publish","hentry"],"_links":{"self":[{"href":"https:\/\/bambooriohostel.com.br\/en\/wp-json\/wp\/v2\/pages\/184","targetHints":{"allow":["GET"]}}],"collection":[{"href":"https:\/\/bambooriohostel.com.br\/en\/wp-json\/wp\/v2\/pages"}],"about":[{"href":"https:\/\/bambooriohostel.com.br\/en\/wp-json\/wp\/v2\/types\/page"}],"author":[{"embeddable":true,"href":"https:\/\/bambooriohostel.com.br\/en\/wp-json\/wp\/v2\/users\/1"}],"replies":[{"embeddable":true,"href":"https:\/\/bambooriohostel.com.br\/en\/wp-json\/wp\/v2\/comments?post=184"}],"version-history":[{"count":0,"href":"https:\/\/bambooriohostel.com.br\/en\/wp-json\/wp\/v2\/pages\/184\/revisions"}],"wp:attachment":[{"href":"https:\/\/bambooriohostel.com.br\/en\/wp-json\/wp\/v2\/media?parent=184"}],"curies":[{"name":"wp","href":"https:\/\/api.w.org\/{rel}","templated":true}]}}